{"id":21523,"date":"2025-02-22T01:03:17","date_gmt":"2025-02-21T23:03:17","guid":{"rendered":"https:\/\/groundjerusalem.com\/?post_type=product&#038;p=21523"},"modified":"2026-04-02T14:01:36","modified_gmt":"2026-04-02T11:01:36","slug":"aloe-vera-gel-with-vitamin-e-180ml-6-12-fl-oz-made-in-israel","status":"publish","type":"product","link":"https:\/\/groundjerusalem.com\/pt\/product\/skin-care\/hand-cream\/aloe-vera-gel-with-vitamin-e-180ml-6-12-fl-oz-made-in-israel\/","title":{"rendered":"Gel de Aloe Vera com Vitamina E 180ml \/ 6.12 fl.oz \u2013 Feito em Israel"},"content":{"rendered":"","protected":false},"excerpt":{"rendered":"<p>Um gel calmante e hidratante enriquecido com extrato de Aloe Vera, Vitamina E e minerais do Mar Morto. Com suas propriedades refrescantes e calmantes, proporciona al\u00edvio imediato para coceira, queimaduras, picadas de insetos, arranh\u00f5es, queimaduras solares e vermelhid\u00e3o. Perfeito para uso ap\u00f3s tratamentos faciais, depila\u00e7\u00e3o e na preven\u00e7\u00e3o de assaduras em beb\u00eas. Um item essencial para ter em casa!<\/p>\n<p><strong>180ml \/ 6.12 fl.oz \u2013 Feito em Israel<\/strong><\/p>\n<h2><strong>Benef\u00edcios do Gel de Aloe Vera<\/strong><\/h2>\n<p>\u2022 <strong>Al\u00edvio imediato<\/strong> \u2013 Acalma e refresca a pele irritada.<br \/>\u2022 <strong>Hidrata\u00e7\u00e3o intensa<\/strong> \u2013 Mant\u00e9m a pele macia e nutrida.<br \/>\u2022 <strong>Efeito refrescante<\/strong> \u2013 Ideal para queimaduras solares e irrita\u00e7\u00f5es.<br \/>\u2022 <strong>Regenera\u00e7\u00e3o da pele<\/strong> \u2013 Ajuda a aliviar picadas de insetos e pequenos ferimentos.<br \/>\u2022 <strong>Uso vers\u00e1til<\/strong> \u2013 Excelente ap\u00f3s barbear, depila\u00e7\u00e3o e seguro para beb\u00eas.<\/p>\n<h2><strong>Ingredientes-chave<\/strong><\/h2>\n<ul>\n<li><strong>Extrato de Aloe Vera<\/strong> \u2013 Hidrata, acalma e auxilia na regenera\u00e7\u00e3o da pele.<\/li>\n<li><strong>Vitamina E<\/strong> \u2013 Protege e nutre a pele.<\/li>\n<li><strong>Minerais do Mar Morto<\/strong> \u2013 Revitalizam e nutrem a pele.<\/li>\n<li><strong>Extrato de Ch\u00e1 Verde<\/strong> \u2013 Rico em antioxidantes e propriedades calmantes.<\/li>\n<\/ul>\n<h2><strong>Modo de Uso<\/strong><\/h2>\n<ol>\n<li><strong>Aplique uma pequena quantidade<\/strong> na \u00e1rea desejada.<\/li>\n<li><strong>Massageie suavemente<\/strong> at\u00e9 completa absor\u00e7\u00e3o.<\/li>\n<li>Utilize <strong>sempre que necess\u00e1rio<\/strong> para hidratar e acalmar a pele.<\/li>\n<li><strong>Indicado para uso di\u00e1rio<\/strong> no rosto, corpo e \u00e1reas sens\u00edveis.<\/li>\n<\/ol>\n<h2><strong>Armazenamento<\/strong><\/h2>\n<p>Armazene em <strong>local fresco e seco<\/strong>, longe da luz solar direta.<\/p>\n<p><strong>Adequado para todos os tipos de pele.<\/strong><\/p>","protected":false},"featured_media":21526,"comment_status":"closed","ping_status":"closed","template":"","meta":[],"brand":[675],"product_cat":[233,97,112,113,111,110],"product_tag":[657],"class_list":["post-21523","product","type-product","status-publish","has-post-thumbnail","hentry","brand-hb-dead-sea-minerals","product_cat-moisturizers-gels","product_cat-skin-care","product_cat-body-cream","product_cat-face-cream","product_cat-foot-cream","product_cat-hand-cream","product_tag-aloe-vera","align-left","box-shadow-0","box-shadow-0-hover","ast-product-gallery-layout-horizontal","ast-product-gallery-with-no-image","ast-product-tabs-layout-horizontal"],"translation":{"provider":"WPGlobus","version":"3.0.0","language":"pt","enabled_languages":["en","fr","ka","hu","it","pl","pt","ro","ru","es"],"languages":{"en":{"title":true,"content":false,"excerpt":true},"fr":{"title":true,"content":false,"excerpt":true},"ka":{"title":true,"content":false,"excerpt":true},"hu":{"title":true,"content":false,"excerpt":true},"it":{"title":true,"content":false,"excerpt":true},"pl":{"title":true,"content":false,"excerpt":true},"pt":{"title":true,"content":false,"excerpt":true},"ro":{"title":true,"content":false,"excerpt":true},"ru":{"title":true,"content":false,"excerpt":true},"es":{"title":true,"content":false,"excerpt":true}}},"_links":{"self":[{"href":"https:\/\/groundjerusalem.com\/pt\/wp-json\/wp\/v2\/product\/21523","targetHints":{"allow":["GET"]}}],"collection":[{"href":"https:\/\/groundjerusalem.com\/pt\/wp-json\/wp\/v2\/product"}],"about":[{"href":"https:\/\/groundjerusalem.com\/pt\/wp-json\/wp\/v2\/types\/product"}],"replies":[{"embeddable":true,"href":"https:\/\/groundjerusalem.com\/pt\/wp-json\/wp\/v2\/comments?post=21523"}],"version-history":[{"count":0,"href":"https:\/\/groundjerusalem.com\/pt\/wp-json\/wp\/v2\/product\/21523\/revisions"}],"wp:featuredmedia":[{"embeddable":true,"href":"https:\/\/groundjerusalem.com\/pt\/wp-json\/wp\/v2\/media\/21526"}],"wp:attachment":[{"href":"https:\/\/groundjerusalem.com\/pt\/wp-json\/wp\/v2\/media?parent=21523"}],"wp:term":[{"taxonomy":"brand","embeddable":true,"href":"https:\/\/groundjerusalem.com\/pt\/wp-json\/wp\/v2\/brand?post=21523"},{"taxonomy":"product_cat","embeddable":true,"href":"https:\/\/groundjerusalem.com\/pt\/wp-json\/wp\/v2\/product_cat?post=21523"},{"taxonomy":"product_tag","embeddable":true,"href":"https:\/\/groundjerusalem.com\/pt\/wp-json\/wp\/v2\/product_tag?post=21523"}],"curies":[{"name":"wp","href":"https:\/\/api.w.org\/{rel}","templated":true}]}}