{"id":19537,"date":"2024-12-02T12:14:23","date_gmt":"2024-12-02T10:14:23","guid":{"rendered":"https:\/\/groundjerusalem.com\/?post_type=product&#038;p=19537"},"modified":"2025-12-04T23:17:07","modified_gmt":"2025-12-04T21:17:07","slug":"sesame-halva-snacks-2-packs-10-x-25g-each-total-20-snacks-500g-17-64-oz-made-in-israel","status":"publish","type":"product","link":"https:\/\/groundjerusalem.com\/pt\/product\/sweets-snacks\/halva\/sesame-halva-snacks-2-packs-10-x-25g-each-total-20-snacks-500g-17-64-oz-made-in-israel\/","title":{"rendered":"Snacks de Halva de Gergelim 2 Pacotes (10 x 25g cada, Total de 20 snacks, 500g \/ 17.64 oz) \u2014 Produzido em Israel"},"content":{"rendered":"","protected":false},"excerpt":{"rendered":"<p>Snacks deliciosos e nutritivos de halva de gergelim, embalados individualmente para maior praticidade. Estes doces com sabor de baunilha oferecem um aut\u00eantico sabor do Oriente M\u00e9dio.<\/p>\n<p><strong>Peso L\u00edquido:<\/strong> 500g \/ 17.64 oz \u2014 Produzido em Israel<\/p>\n<h2>Benef\u00edcios<\/h2>\n<ul>\n<li><strong>Rico em C\u00e1lcio:<\/strong> Apoia a sa\u00fade \u00f3ssea com uma fonte natural de c\u00e1lcio.<\/li>\n<li><strong>Embalagem Pr\u00e1tica:<\/strong> Cada snack \u00e9 embalado individualmente para garantir frescor e conveni\u00eancia.<\/li>\n<li><strong>Sabor Aut\u00eantico:<\/strong> Desfrute do sabor tradicional da halva de gergelim com toque de baunilha.<\/li>\n<\/ul>\n<h2>Ingredientes Principais<\/h2>\n<ul>\n<li><strong>Tahine (Pasta de Gergelim) (50%):<\/strong> Ingrediente principal que confere um sabor rico e levemente amendoado.<\/li>\n<li><strong>Xarope de Glicose e A\u00e7\u00facar:<\/strong> Para uma textura suave e do\u00e7ura equilibrada.<\/li>\n<li><strong>Gordura Vegetal Parcialmente Hidrogenada:<\/strong> Proporciona uma consist\u00eancia cremosa e aveludada.<\/li>\n<li><strong>Lecitina de Soja e Emulsionantes (E471):<\/strong> Garantem uma textura est\u00e1vel e uniforme.<\/li>\n<li><strong>Extrato de Raiz de Sapon\u00e1ria:<\/strong> Estabilizador natural para uma halva aut\u00eantica.<\/li>\n<li><strong>\u00c1cido C\u00edtrico:<\/strong> Equilibra os sabores e prolonga a validade.<\/li>\n<li><strong>Aroma de Baunilha:<\/strong> Acrescenta um toque doce e perfumado.<\/li>\n<\/ul>\n<h2>Como Consumir Snacks de Halva de Gergelim<\/h2>\n<p>Consuma diretamente da embalagem como um lanche r\u00e1pido ou combine com caf\u00e9 ou ch\u00e1 para uma pausa deliciosa. Ideal para escola, trabalho ou viagens.<\/p>\n<h2>Instru\u00e7\u00f5es de Armazenamento<\/h2>\n<p>Armazene em local fresco e seco, longe da luz solar direta. Para maior frescor, abra somente antes do consumo.<\/p>","protected":false},"featured_media":19541,"comment_status":"closed","ping_status":"closed","template":"","meta":[],"brand":[690],"product_cat":[279,235],"product_tag":[],"class_list":["post-19537","product","type-product","status-publish","has-post-thumbnail","hentry","brand-shufersal","product_cat-halva","product_cat-sweets-snacks","align-left","box-shadow-0","box-shadow-0-hover","ast-product-gallery-layout-horizontal","ast-product-tabs-layout-horizontal"],"translation":{"provider":"WPGlobus","version":"3.0.0","language":"pt","enabled_languages":["en","fr","ka","hu","it","pl","pt","ro","ru","es"],"languages":{"en":{"title":true,"content":false,"excerpt":true},"fr":{"title":true,"content":false,"excerpt":true},"ka":{"title":true,"content":false,"excerpt":true},"hu":{"title":true,"content":false,"excerpt":true},"it":{"title":true,"content":false,"excerpt":true},"pl":{"title":true,"content":false,"excerpt":true},"pt":{"title":true,"content":false,"excerpt":true},"ro":{"title":true,"content":false,"excerpt":true},"ru":{"title":true,"content":false,"excerpt":true},"es":{"title":true,"content":false,"excerpt":true}}},"_links":{"self":[{"href":"https:\/\/groundjerusalem.com\/pt\/wp-json\/wp\/v2\/product\/19537","targetHints":{"allow":["GET"]}}],"collection":[{"href":"https:\/\/groundjerusalem.com\/pt\/wp-json\/wp\/v2\/product"}],"about":[{"href":"https:\/\/groundjerusalem.com\/pt\/wp-json\/wp\/v2\/types\/product"}],"replies":[{"embeddable":true,"href":"https:\/\/groundjerusalem.com\/pt\/wp-json\/wp\/v2\/comments?post=19537"}],"version-history":[{"count":0,"href":"https:\/\/groundjerusalem.com\/pt\/wp-json\/wp\/v2\/product\/19537\/revisions"}],"wp:featuredmedia":[{"embeddable":true,"href":"https:\/\/groundjerusalem.com\/pt\/wp-json\/wp\/v2\/media\/19541"}],"wp:attachment":[{"href":"https:\/\/groundjerusalem.com\/pt\/wp-json\/wp\/v2\/media?parent=19537"}],"wp:term":[{"taxonomy":"brand","embeddable":true,"href":"https:\/\/groundjerusalem.com\/pt\/wp-json\/wp\/v2\/brand?post=19537"},{"taxonomy":"product_cat","embeddable":true,"href":"https:\/\/groundjerusalem.com\/pt\/wp-json\/wp\/v2\/product_cat?post=19537"},{"taxonomy":"product_tag","embeddable":true,"href":"https:\/\/groundjerusalem.com\/pt\/wp-json\/wp\/v2\/product_tag?post=19537"}],"curies":[{"name":"wp","href":"https:\/\/api.w.org\/{rel}","templated":true}]}}