{"id":19537,"date":"2024-12-02T12:14:23","date_gmt":"2024-12-02T10:14:23","guid":{"rendered":"https:\/\/groundjerusalem.com\/?post_type=product&#038;p=19537"},"modified":"2025-12-04T23:17:07","modified_gmt":"2025-12-04T21:17:07","slug":"sesame-halva-snacks-2-packs-10-x-25g-each-total-20-snacks-500g-17-64-oz-made-in-israel","status":"publish","type":"product","link":"https:\/\/groundjerusalem.com\/fr\/product\/sweets-snacks\/halva\/sesame-halva-snacks-2-packs-10-x-25g-each-total-20-snacks-500g-17-64-oz-made-in-israel\/","title":{"rendered":"Snacks de Halva au S\u00e9same 2 Paquets (10 x 25g chacun, 20 snacks au total, 500g \/ 17.64 oz) \u2014 Fabriqu\u00e9 en Isra\u00ebl"},"content":{"rendered":"","protected":false},"excerpt":{"rendered":"<p>D\u00e9licieux et nutritifs, ces snacks de halva au s\u00e9same sont emball\u00e9s individuellement pour plus de praticit\u00e9. Ces douceurs aromatis\u00e9es \u00e0 la vanille offrent un go\u00fbt authentique du Moyen-Orient.<\/p>\n<p><strong>Poids Net :<\/strong> 500g \/ 17.64 oz \u2014 Fabriqu\u00e9 en Isra\u00ebl<\/p>\n<h2>Avantages<\/h2>\n<ul>\n<li><strong>Riche en Calcium :<\/strong> Favorise la sant\u00e9 des os gr\u00e2ce \u00e0 une source naturelle de calcium.<\/li>\n<li><strong>Emballage Pratique :<\/strong> Chaque snack est emball\u00e9 individuellement pour conserver la fra\u00eecheur.<\/li>\n<li><strong>Saveur Authentique :<\/strong> D\u00e9couvrez le go\u00fbt traditionnel de la halva au s\u00e9same parfum\u00e9e \u00e0 la vanille.<\/li>\n<\/ul>\n<h2>Ingr\u00e9dients Cl\u00e9s<\/h2>\n<ul>\n<li><strong>Tahini (P\u00e2te de S\u00e9same) (50%) :<\/strong> Ingr\u00e9dient principal offrant une saveur riche et l\u00e9g\u00e8rement noisett\u00e9e.<\/li>\n<li><strong>Sirop de Glucose et Sucre :<\/strong> Pour une douceur \u00e9quilibr\u00e9e et une texture agr\u00e9able.<\/li>\n<li><strong>Graisse V\u00e9g\u00e9tale Partiellement Hydrog\u00e9n\u00e9e :<\/strong> Apporte une consistance lisse et cr\u00e9meuse.<\/li>\n<li><strong>L\u00e9cithine de Soja et \u00c9mulsifiants (E471) :<\/strong> Garantissent une texture homog\u00e8ne et stable.<\/li>\n<li><strong>Extrait de Racine de Saponaria :<\/strong> Stabilisant naturel pour une halva authentique.<\/li>\n<li><strong>Acide Citrique :<\/strong> \u00c9quilibre la saveur et prolonge la dur\u00e9e de conservation.<\/li>\n<li><strong>Ar\u00f4me de Vanille :<\/strong> Ajoute un parfum d\u00e9licat et sucr\u00e9.<\/li>\n<\/ul>\n<h2>Mode d\u2019Emploi des Snacks de Halva au S\u00e9same<\/h2>\n<p>D\u00e9gustez directement depuis l\u2019emballage comme collation rapide ou accompagnez avec un caf\u00e9 ou un th\u00e9 pour une pause gourmande. Id\u00e9al pour l\u2019\u00e9cole, le travail ou en voyage.<\/p>\n<h2>Instructions de Conservation<\/h2>\n<p>Conservez dans un endroit frais et sec, \u00e0 l\u2019abri de la lumi\u00e8re directe du soleil. Pour une fra\u00eecheur optimale, ne pas ouvrir avant consommation.<\/p>","protected":false},"featured_media":19541,"comment_status":"closed","ping_status":"closed","template":"","meta":[],"brand":[690],"product_cat":[279,235],"product_tag":[],"class_list":["post-19537","product","type-product","status-publish","has-post-thumbnail","hentry","brand-shufersal","product_cat-halva","product_cat-sweets-snacks","align-left","box-shadow-0","box-shadow-0-hover","ast-product-gallery-layout-horizontal","ast-product-tabs-layout-horizontal"],"translation":{"provider":"WPGlobus","version":"3.0.0","language":"fr","enabled_languages":["en","fr","ka","hu","it","pl","pt","ro","ru","es"],"languages":{"en":{"title":true,"content":false,"excerpt":true},"fr":{"title":true,"content":false,"excerpt":true},"ka":{"title":true,"content":false,"excerpt":true},"hu":{"title":true,"content":false,"excerpt":true},"it":{"title":true,"content":false,"excerpt":true},"pl":{"title":true,"content":false,"excerpt":true},"pt":{"title":true,"content":false,"excerpt":true},"ro":{"title":true,"content":false,"excerpt":true},"ru":{"title":true,"content":false,"excerpt":true},"es":{"title":true,"content":false,"excerpt":true}}},"_links":{"self":[{"href":"https:\/\/groundjerusalem.com\/fr\/wp-json\/wp\/v2\/product\/19537","targetHints":{"allow":["GET"]}}],"collection":[{"href":"https:\/\/groundjerusalem.com\/fr\/wp-json\/wp\/v2\/product"}],"about":[{"href":"https:\/\/groundjerusalem.com\/fr\/wp-json\/wp\/v2\/types\/product"}],"replies":[{"embeddable":true,"href":"https:\/\/groundjerusalem.com\/fr\/wp-json\/wp\/v2\/comments?post=19537"}],"version-history":[{"count":0,"href":"https:\/\/groundjerusalem.com\/fr\/wp-json\/wp\/v2\/product\/19537\/revisions"}],"wp:featuredmedia":[{"embeddable":true,"href":"https:\/\/groundjerusalem.com\/fr\/wp-json\/wp\/v2\/media\/19541"}],"wp:attachment":[{"href":"https:\/\/groundjerusalem.com\/fr\/wp-json\/wp\/v2\/media?parent=19537"}],"wp:term":[{"taxonomy":"brand","embeddable":true,"href":"https:\/\/groundjerusalem.com\/fr\/wp-json\/wp\/v2\/brand?post=19537"},{"taxonomy":"product_cat","embeddable":true,"href":"https:\/\/groundjerusalem.com\/fr\/wp-json\/wp\/v2\/product_cat?post=19537"},{"taxonomy":"product_tag","embeddable":true,"href":"https:\/\/groundjerusalem.com\/fr\/wp-json\/wp\/v2\/product_tag?post=19537"}],"curies":[{"name":"wp","href":"https:\/\/api.w.org\/{rel}","templated":true}]}}