{"id":23091,"date":"2025-05-16T20:38:06","date_gmt":"2025-05-16T17:38:06","guid":{"rendered":"https:\/\/groundjerusalem.com\/?post_type=product&#038;p=23091"},"modified":"2025-10-07T17:30:11","modified_gmt":"2025-10-07T14:30:11","slug":"classic-cream-body-wash-by-neca-7-750ml-made-in-israel","status":"publish","type":"product","link":"https:\/\/groundjerusalem.com\/es\/product\/body-wash\/shower-gel-cream-wash\/classic-cream-body-wash-by-neca-7-750ml-made-in-israel\/","title":{"rendered":"Gel de Ducha Cremoso Cl\u00e1sico de Neca 7 750ml \u2014 Hecho en Israel"},"content":{"rendered":"","protected":false},"excerpt":{"rendered":"<p class=\"\">Muchos geles de ducha resecan la piel y causan incomodidad. Este gel cremoso cl\u00e1sico de Neca 7 est\u00e1 hecho con m\u00e1s del 90% de ingredientes de origen natural, limpia suavemente sin alterar la hidrataci\u00f3n natural de la piel. Gracias al aloe vera y la glicerina, deja la piel suave, hidratada y fresca despu\u00e9s de cada ba\u00f1o.<\/p>\n<p class=\"\"><strong>Volumen: 750ml \u2014 Hecho en Israel<\/strong><\/p>\n<h2 class=\"\">La Limpieza Diaria Que Tu Piel Necesita<\/h2>\n<p class=\"\">\u2022 M\u00e1s del 90% de ingredientes naturales<br \/>\u2022 Limpieza suave que no reseca<br \/>\u2022 Con aloe vera y glicerina \u2014 hidrata y calma<br \/>\u2022 Deja la piel suave y renovada<br \/>\u2022 Aprobado por el Ministerio de Salud de Israel<br \/>\u2022 Vegano y libre de pruebas en animales<\/p>\n<h2 class=\"\">Ingredientes Naturales Clave<\/h2>\n<p class=\"\"><strong>Jugo de Aloe Vera en polvo<\/strong> \u2014 calma e hidrata la piel<br \/><strong>Glicerina<\/strong> \u2014 ayuda a conservar la hidrataci\u00f3n<br \/><strong>\u00c1cido c\u00edtrico<\/strong> \u2014 refresca y equilibra el pH<br \/><strong>Propilenglicol<\/strong> \u2014 suaviza y evita la resequedad<\/p>\n<h2 class=\"\">Modo de Uso<\/h2>\n<p class=\"\">Aplicar sobre la piel h\u00fameda con las manos o una esponja.<br \/>Masajear suavemente hasta hacer espuma y enjuagar.<\/p>\n<p class=\"\"><strong>Un momento simple de cuidado para una piel limpia y sana cada d\u00eda.<\/strong><\/p>","protected":false},"featured_media":23093,"comment_status":"closed","ping_status":"closed","template":"","meta":[],"brand":[681],"product_cat":[526,598],"product_tag":[657],"class_list":["post-23091","product","type-product","status-publish","has-post-thumbnail","hentry","brand-neca-7","product_cat-body-wash","product_cat-shower-gel-cream-wash","product_tag-aloe-vera","align-left","box-shadow-0","box-shadow-0-hover","ast-product-gallery-layout-horizontal","ast-product-tabs-layout-horizontal"],"translation":{"provider":"WPGlobus","version":"3.0.0","language":"es","enabled_languages":["en","fr","ka","hu","it","pl","pt","ro","ru","es"],"languages":{"en":{"title":true,"content":false,"excerpt":true},"fr":{"title":true,"content":false,"excerpt":true},"ka":{"title":true,"content":false,"excerpt":true},"hu":{"title":true,"content":false,"excerpt":true},"it":{"title":true,"content":false,"excerpt":true},"pl":{"title":true,"content":false,"excerpt":true},"pt":{"title":true,"content":false,"excerpt":true},"ro":{"title":true,"content":false,"excerpt":true},"ru":{"title":true,"content":false,"excerpt":true},"es":{"title":true,"content":false,"excerpt":true}}},"_links":{"self":[{"href":"https:\/\/groundjerusalem.com\/es\/wp-json\/wp\/v2\/product\/23091","targetHints":{"allow":["GET"]}}],"collection":[{"href":"https:\/\/groundjerusalem.com\/es\/wp-json\/wp\/v2\/product"}],"about":[{"href":"https:\/\/groundjerusalem.com\/es\/wp-json\/wp\/v2\/types\/product"}],"replies":[{"embeddable":true,"href":"https:\/\/groundjerusalem.com\/es\/wp-json\/wp\/v2\/comments?post=23091"}],"version-history":[{"count":0,"href":"https:\/\/groundjerusalem.com\/es\/wp-json\/wp\/v2\/product\/23091\/revisions"}],"wp:featuredmedia":[{"embeddable":true,"href":"https:\/\/groundjerusalem.com\/es\/wp-json\/wp\/v2\/media\/23093"}],"wp:attachment":[{"href":"https:\/\/groundjerusalem.com\/es\/wp-json\/wp\/v2\/media?parent=23091"}],"wp:term":[{"taxonomy":"brand","embeddable":true,"href":"https:\/\/groundjerusalem.com\/es\/wp-json\/wp\/v2\/brand?post=23091"},{"taxonomy":"product_cat","embeddable":true,"href":"https:\/\/groundjerusalem.com\/es\/wp-json\/wp\/v2\/product_cat?post=23091"},{"taxonomy":"product_tag","embeddable":true,"href":"https:\/\/groundjerusalem.com\/es\/wp-json\/wp\/v2\/product_tag?post=23091"}],"curies":[{"name":"wp","href":"https:\/\/api.w.org\/{rel}","templated":true}]}}