{"id":20675,"date":"2025-01-19T22:17:09","date_gmt":"2025-01-19T20:17:09","guid":{"rendered":"https:\/\/groundjerusalem.com\/?post_type=product&#038;p=20675"},"modified":"2025-10-20T21:58:35","modified_gmt":"2025-10-20T18:58:35","slug":"halva-almond-50-sesame-tahini-500g-17-6-oz-made-in-israel","status":"publish","type":"product","link":"https:\/\/groundjerusalem.com\/es\/product\/sweets-snacks\/halva\/halva-almond-50-sesame-tahini-500g-17-6-oz-made-in-israel\/","title":{"rendered":"Halva con Almendras 50% Tahini de S\u00e9samo 400g \/ 14.1 oz \u2014 Hecho en Israel"},"content":{"rendered":"","protected":false},"excerpt":{"rendered":"<p>Una halva premium elaborada con <strong>50% de tahini de s\u00e9samo puro<\/strong>, combinada con almendras crujientes para una textura rica y deliciosa. Este tradicional dulce del Medio Oriente tiene un sabor naturalmente dulce y ligeramente tostado, perfecto como postre, snack o complemento para otros platillos.<\/p>\n<p><strong>Peso Neto:<\/strong> 400g \/ 14.1 oz \u2014 Hecho en Israel<\/p>\n<h2><strong>Beneficios de la Halva con Almendras y 50% Tahini de S\u00e9samo<\/strong><\/h2>\n<ul>\n<li><strong>Rica en los Beneficios del S\u00e9samo:<\/strong> Contiene 50% de tahini de s\u00e9samo, una excelente fuente de prote\u00ednas vegetales, calcio y grasas saludables.<\/li>\n<li><strong>Textura Crujiente de Almendras:<\/strong> A\u00f1ade un toque crujiente y un sabor naturalmente dulce.<\/li>\n<li><strong>Tradici\u00f3n y Autenticidad:<\/strong> Un dulce del Medio Oriente preparado con m\u00e9todos tradicionales para un sabor \u00fanico.<\/li>\n<li><strong>Vers\u00e1til y Delicioso:<\/strong> Se puede disfrutar solo, desmenuzado sobre yogur o combinado con frutas frescas.<\/li>\n<\/ul>\n<h2><strong>Ingredientes Clave<\/strong><\/h2>\n<ul>\n<li><strong>Tahini de S\u00e9samo (50%)<\/strong> \u2013 Rico en calcio, magnesio y \u00e1cidos grasos esenciales.<\/li>\n<li><strong>Almendras<\/strong> \u2013 Fuente natural de antioxidantes y vitaminas.<\/li>\n<li><strong>Endulzantes Naturales<\/strong> \u2013 Brindan un dulzor equilibrado sin opacar el sabor aut\u00e9ntico de las semillas.<\/li>\n<\/ul>\n<h2><strong>C\u00f3mo Disfrutar la Halva con Almendras<\/strong><\/h2>\n<ol>\n<li>Corta una porci\u00f3n y disfr\u00fatala como un snack dulce y nutritivo.<\/li>\n<li>Desmen\u00fazala sobre yogur o avena para darle un toque extra de sabor y textura.<\/li>\n<li>Acomp\u00e1\u00f1ala con frutas frescas o \u00fantala en pan tostado para un desayuno energ\u00e9tico.<\/li>\n<li>\u00dasala como topping para helados o postres.<\/li>\n<\/ol>\n<h2><strong>Instrucciones de Almacenamiento<\/strong><\/h2>\n<p>Conservar en un lugar fresco y seco, lejos de la luz solar directa. Despu\u00e9s de abrir, mantener en un recipiente herm\u00e9tico para preservar su frescura.<\/p>","protected":false},"featured_media":20677,"comment_status":"closed","ping_status":"closed","template":"","meta":[],"brand":[689],"product_cat":[279,235],"product_tag":[],"class_list":["post-20675","product","type-product","status-publish","has-post-thumbnail","hentry","brand-shkedia","product_cat-halva","product_cat-sweets-snacks","align-left","box-shadow-0","box-shadow-0-hover","ast-product-gallery-layout-horizontal","ast-product-tabs-layout-horizontal"],"translation":{"provider":"WPGlobus","version":"3.0.0","language":"es","enabled_languages":["en","fr","ka","hu","it","pl","pt","ro","ru","es"],"languages":{"en":{"title":true,"content":false,"excerpt":true},"fr":{"title":true,"content":false,"excerpt":true},"ka":{"title":true,"content":false,"excerpt":true},"hu":{"title":true,"content":false,"excerpt":true},"it":{"title":true,"content":false,"excerpt":true},"pl":{"title":true,"content":false,"excerpt":true},"pt":{"title":true,"content":false,"excerpt":true},"ro":{"title":true,"content":false,"excerpt":true},"ru":{"title":true,"content":false,"excerpt":true},"es":{"title":true,"content":false,"excerpt":true}}},"_links":{"self":[{"href":"https:\/\/groundjerusalem.com\/es\/wp-json\/wp\/v2\/product\/20675","targetHints":{"allow":["GET"]}}],"collection":[{"href":"https:\/\/groundjerusalem.com\/es\/wp-json\/wp\/v2\/product"}],"about":[{"href":"https:\/\/groundjerusalem.com\/es\/wp-json\/wp\/v2\/types\/product"}],"replies":[{"embeddable":true,"href":"https:\/\/groundjerusalem.com\/es\/wp-json\/wp\/v2\/comments?post=20675"}],"version-history":[{"count":0,"href":"https:\/\/groundjerusalem.com\/es\/wp-json\/wp\/v2\/product\/20675\/revisions"}],"wp:featuredmedia":[{"embeddable":true,"href":"https:\/\/groundjerusalem.com\/es\/wp-json\/wp\/v2\/media\/20677"}],"wp:attachment":[{"href":"https:\/\/groundjerusalem.com\/es\/wp-json\/wp\/v2\/media?parent=20675"}],"wp:term":[{"taxonomy":"brand","embeddable":true,"href":"https:\/\/groundjerusalem.com\/es\/wp-json\/wp\/v2\/brand?post=20675"},{"taxonomy":"product_cat","embeddable":true,"href":"https:\/\/groundjerusalem.com\/es\/wp-json\/wp\/v2\/product_cat?post=20675"},{"taxonomy":"product_tag","embeddable":true,"href":"https:\/\/groundjerusalem.com\/es\/wp-json\/wp\/v2\/product_tag?post=20675"}],"curies":[{"name":"wp","href":"https:\/\/api.w.org\/{rel}","templated":true}]}}