{"id":19522,"date":"2024-12-02T10:10:11","date_gmt":"2024-12-02T08:10:11","guid":{"rendered":"https:\/\/groundjerusalem.com\/?post_type=product&#038;p=19522"},"modified":"2025-04-29T11:48:05","modified_gmt":"2025-04-29T08:48:05","slug":"dates-syrup-60-360g-12-7-oz-made-in-israel","status":"publish","type":"product","link":"https:\/\/groundjerusalem.com\/es\/product\/sweets-snacks\/dates-syrup-spread\/dates-syrup-60-360g-12-7-oz-made-in-israel\/","title":{"rendered":"Jarabe de D\u00e1tiles 60% 360g \/ 12.7 oz \u2014 Hecho en Israel"},"content":{"rendered":"","protected":false},"excerpt":{"rendered":"<p>Un jarabe natural y vers\u00e1til elaborado con un 60% de d\u00e1tiles. Este jarabe dulce y rico es perfecto para a\u00f1adir un toque de sabor del Medio Oriente a postres, desayunos y bebidas.<\/p>\n<p><strong>Peso Neto:<\/strong> 360g \/ 12.7 oz \u2014 Hecho en Israel<\/p>\n<h2>Beneficios<\/h2>\n<ul>\n<li><strong>Sabor Rico:<\/strong> A\u00f1ade dulzura natural y un sabor \u00fanico a una variedad de platos.<\/li>\n<li><strong>Alternativa Saludable:<\/strong> No contiene colorantes ni conservantes artificiales.<\/li>\n<li><strong>Versatilidad:<\/strong> Ideal para hornear, cocinar o como cobertura para panqueques y yogures.<\/li>\n<\/ul>\n<h2>Ingredientes Claves<\/h2>\n<ul>\n<li><strong>D\u00e1tiles (60%):<\/strong> Proporcionan dulzura natural y un sabor rico al jarabe.<\/li>\n<li><strong>Az\u00facar (30%):<\/strong> Mejora la dulzura y proporciona una textura suave.<\/li>\n<li><strong>\u00c1cido C\u00edtrico:<\/strong> Estabiliza el jarabe y conserva su frescura.<\/li>\n<li><strong>Agua:<\/strong> Garantiza una consistencia f\u00e1cil de usar.<\/li>\n<\/ul>\n<h2>C\u00f3mo Usar el Jarabe de D\u00e1tiles 60%<\/h2>\n<ul>\n<li>\u00dasalo como endulzante natural en t\u00e9, batidos o caf\u00e9.<\/li>\n<li>Roc\u00edalo sobre panqueques, waffles o yogur para una cobertura deliciosa.<\/li>\n<li>Agr\u00e9galo a marinados o aderezos para ensaladas para un toque dulce.<\/li>\n<\/ul>\n<h2>Instrucciones de Almacenamiento<\/h2>\n<p>Almacena en un lugar fresco y seco, lejos de la luz solar directa. Refrigera despu\u00e9s de abrir para mantener la frescura.<\/p>\n<table>\n<thead>\n<tr>\n<th><strong>Informaci\u00f3n Nutricional (por 100 g)<\/strong><\/th>\n<th><strong>Jarabe de D\u00e1tiles<\/strong><\/th>\n<\/tr>\n<\/thead>\n<tbody>\n<tr>\n<td>Energ\u00eda (kcal)<\/td>\n<td>319<\/td>\n<\/tr>\n<tr>\n<td>Grasas Totales (g)<\/td>\n<td>0<\/td>\n<\/tr>\n<tr>\n<td>Sodio (mg)<\/td>\n<td>0<\/td>\n<\/tr>\n<tr>\n<td>Carbohidratos Totales (g)<\/td>\n<td>79<\/td>\n<\/tr>\n<tr>\n<td>Az\u00facares (g)<\/td>\n<td>73<\/td>\n<\/tr>\n<tr>\n<td>Cucharaditas de Az\u00facar<\/td>\n<td>18.25<\/td>\n<\/tr>\n<tr>\n<td>Fibra Alimentaria (g)<\/td>\n<td>1.5<\/td>\n<\/tr>\n<tr>\n<td>Prote\u00ednas (g)<\/td>\n<td>0<\/td>\n<\/tr>\n<tr>\n<td>Potasio (mg)<\/td>\n<td>280<\/td>\n<\/tr>\n<\/tbody>\n<\/table>","protected":false},"featured_media":19527,"comment_status":"closed","ping_status":"closed","template":"","meta":[],"brand":[690],"product_cat":[278,235],"product_tag":[],"class_list":["post-19522","product","type-product","status-publish","has-post-thumbnail","hentry","brand-shufersal","product_cat-dates-syrup-spread","product_cat-sweets-snacks","align-left","box-shadow-0","box-shadow-0-hover","ast-product-gallery-layout-horizontal","ast-product-tabs-layout-horizontal"],"translation":{"provider":"WPGlobus","version":"3.0.0","language":"es","enabled_languages":["en","fr","ka","hu","it","pl","pt","ro","ru","es"],"languages":{"en":{"title":true,"content":false,"excerpt":true},"fr":{"title":true,"content":false,"excerpt":true},"ka":{"title":true,"content":false,"excerpt":true},"hu":{"title":true,"content":false,"excerpt":true},"it":{"title":true,"content":false,"excerpt":true},"pl":{"title":true,"content":false,"excerpt":true},"pt":{"title":true,"content":false,"excerpt":true},"ro":{"title":true,"content":false,"excerpt":true},"ru":{"title":true,"content":false,"excerpt":true},"es":{"title":true,"content":false,"excerpt":true}}},"_links":{"self":[{"href":"https:\/\/groundjerusalem.com\/es\/wp-json\/wp\/v2\/product\/19522","targetHints":{"allow":["GET"]}}],"collection":[{"href":"https:\/\/groundjerusalem.com\/es\/wp-json\/wp\/v2\/product"}],"about":[{"href":"https:\/\/groundjerusalem.com\/es\/wp-json\/wp\/v2\/types\/product"}],"replies":[{"embeddable":true,"href":"https:\/\/groundjerusalem.com\/es\/wp-json\/wp\/v2\/comments?post=19522"}],"version-history":[{"count":0,"href":"https:\/\/groundjerusalem.com\/es\/wp-json\/wp\/v2\/product\/19522\/revisions"}],"wp:featuredmedia":[{"embeddable":true,"href":"https:\/\/groundjerusalem.com\/es\/wp-json\/wp\/v2\/media\/19527"}],"wp:attachment":[{"href":"https:\/\/groundjerusalem.com\/es\/wp-json\/wp\/v2\/media?parent=19522"}],"wp:term":[{"taxonomy":"brand","embeddable":true,"href":"https:\/\/groundjerusalem.com\/es\/wp-json\/wp\/v2\/brand?post=19522"},{"taxonomy":"product_cat","embeddable":true,"href":"https:\/\/groundjerusalem.com\/es\/wp-json\/wp\/v2\/product_cat?post=19522"},{"taxonomy":"product_tag","embeddable":true,"href":"https:\/\/groundjerusalem.com\/es\/wp-json\/wp\/v2\/product_tag?post=19522"}],"curies":[{"name":"wp","href":"https:\/\/api.w.org\/{rel}","templated":true}]}}