{"id":17756,"date":"2024-10-07T22:43:12","date_gmt":"2024-10-07T19:43:12","guid":{"rendered":"https:\/\/groundjerusalem.com\/?post_type=product&#038;p=17756"},"modified":"2026-03-31T07:33:31","modified_gmt":"2026-03-31T04:33:31","slug":"dead-sea-soap-with-olive-oil-honey-115-gr-4-06-oz-made-in-israel","status":"publish","type":"product","link":"https:\/\/groundjerusalem.com\/es\/product\/body-wash\/soap\/dead-sea-soap-with-olive-oil-honey-115-gr-4-06-oz-made-in-israel\/","title":{"rendered":"Jab\u00f3n del Mar Muerto con Aceite de Oliva y Miel 115 gr \/ 4.06 OZ \u2014 Hecho en Israel"},"content":{"rendered":"","protected":false},"excerpt":{"rendered":"<p>Este jab\u00f3n hipoalerg\u00e9nico y natural est\u00e1 dise\u00f1ado para un cuidado y limpieza profunda de la piel. Creado con hierbas medicinales, incluye una alta concentraci\u00f3n de aceite de oliva virgen, miel, vitaminas C+E+B5, Aloe Vera y minerales del Mar Muerto como potasio, magnesio y sodio. Este jab\u00f3n ayuda con diversas condiciones de la piel, tales como acn\u00e9, psoriasis, hongos, irritaciones y piel seca. Tambi\u00e9n proporciona una excelente hidrataci\u00f3n para la piel.<\/p>\n<p><strong>Peso Neto:<\/strong> 115 gr \/ 4.06 OZ \u2014 Hecho en Israel<\/p>\n<h2>C\u00f3mo usar el Jab\u00f3n del Mar Muerto con Aceite de Oliva y Miel<\/h2>\n<p>Para una limpieza y nutrici\u00f3n \u00f3ptimas, aplique el jab\u00f3n en el cuerpo y masajee. Deje actuar durante un minuto para permitir que el jab\u00f3n sea absorbido por la piel. Enjuague con agua tibia. Apto para todo tipo de piel.<\/p>\n<h2>Ingredientes (Componentes Naturales Clave)<\/h2>\n<ul>\n<li>Elaeis Guineensis (Palma) Aceite<\/li>\n<li>Prunus Amygdalus Dulcis (Almendra Dulce) Aceite<\/li>\n<li>Olea Europaea (Oliva) Aceite de Fruta<\/li>\n<li>Aloe Barbadensis (Aloe Vera) Extracto de Hoja<\/li>\n<li>Mel (Miel) Extracto<\/li>\n<li>Anthemis Nobilis (Manzanilla) Extracto de Flor<\/li>\n<li>Maris Sal (Sal del Mar Muerto)<\/li>\n<li>Tocoferol (Vitamina E)<\/li>\n<li>Palmitato de Retinol (Vitamina A)<\/li>\n<li>\u00c1cido Asc\u00f3rbico (Vitamina C)<\/li>\n<li>D-Pantenol (Provitamina B5)<\/li>\n<\/ul>","protected":false},"featured_media":18622,"comment_status":"open","ping_status":"closed","template":"","meta":[],"brand":[675],"product_cat":[526,227],"product_tag":[],"class_list":["post-17756","product","type-product","status-publish","has-post-thumbnail","hentry","brand-hb-dead-sea-minerals","product_cat-body-wash","product_cat-soap","align-left","box-shadow-0","box-shadow-0-hover","ast-product-gallery-layout-horizontal","ast-product-tabs-layout-horizontal"],"translation":{"provider":"WPGlobus","version":"3.0.0","language":"es","enabled_languages":["en","fr","ka","hu","it","pl","pt","ro","ru","es"],"languages":{"en":{"title":true,"content":false,"excerpt":true},"fr":{"title":true,"content":false,"excerpt":true},"ka":{"title":true,"content":false,"excerpt":true},"hu":{"title":true,"content":false,"excerpt":true},"it":{"title":true,"content":false,"excerpt":true},"pl":{"title":true,"content":false,"excerpt":true},"pt":{"title":true,"content":false,"excerpt":true},"ro":{"title":true,"content":false,"excerpt":true},"ru":{"title":true,"content":false,"excerpt":true},"es":{"title":true,"content":false,"excerpt":true}}},"_links":{"self":[{"href":"https:\/\/groundjerusalem.com\/es\/wp-json\/wp\/v2\/product\/17756","targetHints":{"allow":["GET"]}}],"collection":[{"href":"https:\/\/groundjerusalem.com\/es\/wp-json\/wp\/v2\/product"}],"about":[{"href":"https:\/\/groundjerusalem.com\/es\/wp-json\/wp\/v2\/types\/product"}],"replies":[{"embeddable":true,"href":"https:\/\/groundjerusalem.com\/es\/wp-json\/wp\/v2\/comments?post=17756"}],"version-history":[{"count":0,"href":"https:\/\/groundjerusalem.com\/es\/wp-json\/wp\/v2\/product\/17756\/revisions"}],"wp:featuredmedia":[{"embeddable":true,"href":"https:\/\/groundjerusalem.com\/es\/wp-json\/wp\/v2\/media\/18622"}],"wp:attachment":[{"href":"https:\/\/groundjerusalem.com\/es\/wp-json\/wp\/v2\/media?parent=17756"}],"wp:term":[{"taxonomy":"brand","embeddable":true,"href":"https:\/\/groundjerusalem.com\/es\/wp-json\/wp\/v2\/brand?post=17756"},{"taxonomy":"product_cat","embeddable":true,"href":"https:\/\/groundjerusalem.com\/es\/wp-json\/wp\/v2\/product_cat?post=17756"},{"taxonomy":"product_tag","embeddable":true,"href":"https:\/\/groundjerusalem.com\/es\/wp-json\/wp\/v2\/product_tag?post=17756"}],"curies":[{"name":"wp","href":"https:\/\/api.w.org\/{rel}","templated":true}]}}